{"id":3505,"date":"2021-05-28T10:56:42","date_gmt":"2021-05-28T08:56:42","guid":{"rendered":"https:\/\/ptc-parforce.de\/legal-notice\/"},"modified":"2022-06-29T13:35:55","modified_gmt":"2022-06-29T11:35:55","slug":"legal-notice","status":"publish","type":"page","link":"https:\/\/ptc-parforce.de\/en\/legal-notice\/","title":{"rendered":"Legal Notice"},"content":{"rendered":"\t\t<div data-elementor-type=\"wp-page\" data-elementor-id=\"3505\" class=\"elementor elementor-3505 elementor-539\" data-elementor-post-type=\"page\">\n\t\t\t\t\t\t<section class=\"elementor-section elementor-top-section elementor-element elementor-element-b5f459a elementor-section-full_width elementor-section-height-default elementor-section-height-default\" data-id=\"b5f459a\" data-element_type=\"section\">\n\t\t\t\t\t\t<div class=\"elementor-container elementor-column-gap-no\">\n\t\t\t\t\t<div class=\"elementor-column elementor-col-100 elementor-top-column elementor-element elementor-element-9fdb43b\" data-id=\"9fdb43b\" data-element_type=\"column\">\n\t\t\t<div class=\"elementor-widget-wrap elementor-element-populated\">\n\t\t\t\t\t\t<div class=\"elementor-element elementor-element-5af176e elementor-widget elementor-widget-template\" data-id=\"5af176e\" data-element_type=\"widget\" data-widget_type=\"template.default\">\n\t\t\t\t<div class=\"elementor-widget-container\">\n\t\t\t\t\t\t\t<div class=\"elementor-template\">\n\t\t\t\t\t<div data-elementor-type=\"section\" data-elementor-id=\"273\" class=\"elementor elementor-273\" data-elementor-post-type=\"elementor_library\">\n\t\t\t\t\t<section class=\"elementor-section elementor-top-section elementor-element elementor-element-264d8221 elementor-section-height-min-height elementor-section-boxed elementor-section-height-default elementor-section-items-middle\" data-id=\"264d8221\" data-element_type=\"section\" data-settings=\"{&quot;background_background&quot;:&quot;classic&quot;}\">\n\t\t\t\t\t\t<div class=\"elementor-container elementor-column-gap-default\">\n\t\t\t\t\t<div class=\"elementor-column elementor-col-100 elementor-top-column elementor-element elementor-element-1b39a5fa\" data-id=\"1b39a5fa\" data-element_type=\"column\">\n\t\t\t<div class=\"elementor-widget-wrap elementor-element-populated\">\n\t\t\t\t\t\t\t<\/div>\n\t\t<\/div>\n\t\t\t\t\t<\/div>\n\t\t<\/section>\n\t\t\t\t<\/div>\n\t\t\t\t<\/div>\n\t\t\t\t\t\t<\/div>\n\t\t\t\t<\/div>\n\t\t\t\t\t<\/div>\n\t\t<\/div>\n\t\t\t\t\t<\/div>\n\t\t<\/section>\n\t\t\t\t<section class=\"elementor-section elementor-top-section elementor-element elementor-element-a56d2bc elementor-section-boxed elementor-section-height-default elementor-section-height-default\" data-id=\"a56d2bc\" data-element_type=\"section\">\n\t\t\t\t\t\t<div class=\"elementor-container elementor-column-gap-extended\">\n\t\t\t\t\t<div class=\"elementor-column elementor-col-100 elementor-top-column elementor-element elementor-element-bde74f0\" data-id=\"bde74f0\" data-element_type=\"column\">\n\t\t\t<div class=\"elementor-widget-wrap elementor-element-populated\">\n\t\t\t\t\t\t<div class=\"elementor-element elementor-element-7467ce7 elementor-widget elementor-widget-heading\" data-id=\"7467ce7\" data-element_type=\"widget\" data-widget_type=\"heading.default\">\n\t\t\t\t<div class=\"elementor-widget-container\">\n\t\t\t\t\t<h2 class=\"elementor-heading-title elementor-size-default\">ANGABEN GEM\u00c4SS \u00a7 5 TM<\/h2>\t\t\t\t<\/div>\n\t\t\t\t<\/div>\n\t\t\t\t<div class=\"elementor-element elementor-element-79512d5 elementor-widget elementor-widget-text-editor\" data-id=\"79512d5\" data-element_type=\"widget\" data-widget_type=\"text-editor.default\">\n\t\t\t\t<div class=\"elementor-widget-container\">\n\t\t\t\t\t\t\t\t\t<p>PTC &#8211; PARFORCE-Technology Cooperation GmbH<\/p><p>Neckarstra\u00dfe 23<br \/>45768 Marl<br \/>Deutschland<\/p><p>Handelsregister HRB 16264<br \/>Registergericht: Amtsgericht Gelsenkirchen<\/p><p>Vertreten durch:<br \/>Dr.-Ing. Reinhard Lohmeier, Dipl.-Ing. J\u00fcrgen Waller<\/p>\t\t\t\t\t\t\t\t<\/div>\n\t\t\t\t<\/div>\n\t\t\t\t<div class=\"elementor-element elementor-element-295ef84 elementor-widget elementor-widget-heading\" data-id=\"295ef84\" data-element_type=\"widget\" data-widget_type=\"heading.default\">\n\t\t\t\t<div class=\"elementor-widget-container\">\n\t\t\t\t\t<h3 class=\"elementor-heading-title elementor-size-default\">Kontakt<\/h3>\t\t\t\t<\/div>\n\t\t\t\t<\/div>\n\t\t\t\t<div class=\"elementor-element elementor-element-1051a79 elementor-widget elementor-widget-html\" data-id=\"1051a79\" data-element_type=\"widget\" data-widget_type=\"html.default\">\n\t\t\t\t<div class=\"elementor-widget-container\">\n\t\t\t\t\t<p>Tel. +49 2365 8726-0<br>\r\n<a href=\"mailto:info@ptc-parforce.de\" title=\"info@ptc-parforce.de\">info@ptc-parforce.de<\/a><\/p>\t\t\t\t<\/div>\n\t\t\t\t<\/div>\n\t\t\t\t<div class=\"elementor-element elementor-element-fea46d5 elementor-widget elementor-widget-heading\" data-id=\"fea46d5\" data-element_type=\"widget\" data-widget_type=\"heading.default\">\n\t\t\t\t<div class=\"elementor-widget-container\">\n\t\t\t\t\t<h3 class=\"elementor-heading-title elementor-size-default\">Umsatzsteuer-ID<\/h3>\t\t\t\t<\/div>\n\t\t\t\t<\/div>\n\t\t\t\t<div class=\"elementor-element elementor-element-2f4c235 elementor-widget elementor-widget-text-editor\" data-id=\"2f4c235\" data-element_type=\"widget\" data-widget_type=\"text-editor.default\">\n\t\t\t\t<div class=\"elementor-widget-container\">\n\t\t\t\t\t\t\t\t\tUmsatzsteuer-Identifikationsnummer gem\u00e4\u00df \u00a727 a Umsatzsteuergesetz:\r\nDE344112081\t\t\t\t\t\t\t\t<\/div>\n\t\t\t\t<\/div>\n\t\t\t\t<div class=\"elementor-element elementor-element-824b2ea elementor-widget elementor-widget-heading\" data-id=\"824b2ea\" data-element_type=\"widget\" data-widget_type=\"heading.default\">\n\t\t\t\t<div class=\"elementor-widget-container\">\n\t\t\t\t\t<h2 class=\"elementor-heading-title elementor-size-default\">EU-Streitschlichtung<\/h2>\t\t\t\t<\/div>\n\t\t\t\t<\/div>\n\t\t\t\t<div class=\"elementor-element elementor-element-ab19320 elementor-widget elementor-widget-text-editor\" data-id=\"ab19320\" data-element_type=\"widget\" data-widget_type=\"text-editor.default\">\n\t\t\t\t<div class=\"elementor-widget-container\">\n\t\t\t\t\t\t\t\t\tDie Europ\u00e4ische Kommission stellt eine Plattform f\u00fcr die au\u00dfergerichtliche Online-Streitbeilegung (OS-Plattform) bereit, die unter <a href=\"https:\/\/ec.europa.eu\/consumers\/\">https:\/\/ec.europa.eu\/consumers\/<\/a>odr aufrufbar ist. Verbraucher haben die M\u00f6glichkeit, diese Plattform f\u00fcr die Beilegung ihrer Streitigkeiten zu nutzen. Die Firma PTC &#8211; PARFORCE-Technology Cooperation GmbH ist weder bereit noch verpflichtet, an Streitbeilegungsverfahren vor einer Verbraucherschlichtungsstelle teilzunehmen.\t\t\t\t\t\t\t\t<\/div>\n\t\t\t\t<\/div>\n\t\t\t\t\t<\/div>\n\t\t<\/div>\n\t\t\t\t\t<\/div>\n\t\t<\/section>\n\t\t\t\t<\/div>\n\t\t","protected":false},"excerpt":{"rendered":"<p>ANGABEN GEM\u00c4SS \u00a7 5 TM PTC &#8211; PARFORCE-Technology Cooperation GmbH Neckarstra\u00dfe 2345768 MarlDeutschland Handelsregister HRB 16264Registergericht: Amtsgericht Gelsenkirchen Vertreten durch:Dr.-Ing. Reinhard Lohmeier, Dipl.-Ing. J\u00fcrgen Waller Kontakt Tel. +49 2365 8726-0 info@ptc-parforce.de Umsatzsteuer-ID Umsatzsteuer-Identifikationsnummer gem\u00e4\u00df \u00a727 a Umsatzsteuergesetz: DE344112081 EU-Streitschlichtung Die Europ\u00e4ische Kommission stellt eine Plattform f\u00fcr die au\u00dfergerichtliche Online-Streitbeilegung (OS-Plattform) bereit, die unter https:\/\/ec.europa.eu\/consumers\/odr aufrufbar [&hellip;]<\/p>\n","protected":false},"author":1,"featured_media":2222,"parent":0,"menu_order":0,"comment_status":"closed","ping_status":"closed","template":"","meta":{"footnotes":""},"class_list":["post-3505","page","type-page","status-publish","has-post-thumbnail","hentry"],"yoast_head":"<!-- This site is optimized with the Yoast SEO plugin v27.4 - https:\/\/yoast.com\/product\/yoast-seo-wordpress\/ -->\n<title>Legal Notice - PTC \u2013 PARFORCE-Technology Cooperation GmbH<\/title>\n<meta name=\"robots\" content=\"noindex, follow\" \/>\n<meta property=\"og:locale\" content=\"en_US\" \/>\n<meta property=\"og:type\" content=\"article\" \/>\n<meta property=\"og:title\" content=\"Legal Notice - PTC \u2013 PARFORCE-Technology Cooperation GmbH\" \/>\n<meta property=\"og:description\" content=\"ANGABEN GEM\u00c4SS \u00a7 5 TM PTC &#8211; PARFORCE-Technology Cooperation GmbH Neckarstra\u00dfe 2345768 MarlDeutschland Handelsregister HRB 16264Registergericht: Amtsgericht Gelsenkirchen Vertreten durch:Dr.-Ing. Reinhard Lohmeier, Dipl.-Ing. J\u00fcrgen Waller Kontakt Tel. +49 2365 8726-0 info@ptc-parforce.de Umsatzsteuer-ID Umsatzsteuer-Identifikationsnummer gem\u00e4\u00df \u00a727 a Umsatzsteuergesetz: DE344112081 EU-Streitschlichtung Die Europ\u00e4ische Kommission stellt eine Plattform f\u00fcr die au\u00dfergerichtliche Online-Streitbeilegung (OS-Plattform) bereit, die unter https:\/\/ec.europa.eu\/consumers\/odr aufrufbar [&hellip;]\" \/>\n<meta property=\"og:url\" content=\"https:\/\/ptc-parforce.de\/en\/legal-notice\/\" \/>\n<meta property=\"og:site_name\" content=\"PTC \u2013 PARFORCE-Technology Cooperation GmbH\" \/>\n<meta property=\"article:modified_time\" content=\"2022-06-29T11:35:55+00:00\" \/>\n<meta property=\"og:image\" content=\"https:\/\/ptc-parforce.de\/wp-content\/uploads\/ptc-klaeranlage-phosphor-rueckgewinnung-bg-1-1.jpg\" \/>\n\t<meta property=\"og:image:width\" content=\"2560\" \/>\n\t<meta property=\"og:image:height\" content=\"300\" \/>\n\t<meta property=\"og:image:type\" content=\"image\/jpeg\" \/>\n<meta name=\"twitter:card\" content=\"summary_large_image\" \/>\n<script type=\"application\/ld+json\" class=\"yoast-schema-graph\">{\"@context\":\"https:\\\/\\\/schema.org\",\"@graph\":[{\"@type\":\"WebPage\",\"@id\":\"https:\\\/\\\/ptc-parforce.de\\\/en\\\/legal-notice\\\/\",\"url\":\"https:\\\/\\\/ptc-parforce.de\\\/en\\\/legal-notice\\\/\",\"name\":\"Legal Notice - PTC \u2013 PARFORCE-Technology Cooperation GmbH\",\"isPartOf\":{\"@id\":\"https:\\\/\\\/ptc-parforce.de\\\/en\\\/#website\"},\"primaryImageOfPage\":{\"@id\":\"https:\\\/\\\/ptc-parforce.de\\\/en\\\/legal-notice\\\/#primaryimage\"},\"image\":{\"@id\":\"https:\\\/\\\/ptc-parforce.de\\\/en\\\/legal-notice\\\/#primaryimage\"},\"thumbnailUrl\":\"https:\\\/\\\/ptc-parforce.de\\\/wp-content\\\/uploads\\\/ptc-klaeranlage-phosphor-rueckgewinnung-bg-1-1.jpg\",\"datePublished\":\"2021-05-28T08:56:42+00:00\",\"dateModified\":\"2022-06-29T11:35:55+00:00\",\"breadcrumb\":{\"@id\":\"https:\\\/\\\/ptc-parforce.de\\\/en\\\/legal-notice\\\/#breadcrumb\"},\"inLanguage\":\"en-US\",\"potentialAction\":[{\"@type\":\"ReadAction\",\"target\":[\"https:\\\/\\\/ptc-parforce.de\\\/en\\\/legal-notice\\\/\"]}]},{\"@type\":\"ImageObject\",\"inLanguage\":\"en-US\",\"@id\":\"https:\\\/\\\/ptc-parforce.de\\\/en\\\/legal-notice\\\/#primaryimage\",\"url\":\"https:\\\/\\\/ptc-parforce.de\\\/wp-content\\\/uploads\\\/ptc-klaeranlage-phosphor-rueckgewinnung-bg-1-1.jpg\",\"contentUrl\":\"https:\\\/\\\/ptc-parforce.de\\\/wp-content\\\/uploads\\\/ptc-klaeranlage-phosphor-rueckgewinnung-bg-1-1.jpg\",\"width\":2560,\"height\":300},{\"@type\":\"BreadcrumbList\",\"@id\":\"https:\\\/\\\/ptc-parforce.de\\\/en\\\/legal-notice\\\/#breadcrumb\",\"itemListElement\":[{\"@type\":\"ListItem\",\"position\":1,\"name\":\"Startseite\",\"item\":\"https:\\\/\\\/ptc-parforce.de\\\/en\\\/\"},{\"@type\":\"ListItem\",\"position\":2,\"name\":\"Legal Notice\"}]},{\"@type\":\"WebSite\",\"@id\":\"https:\\\/\\\/ptc-parforce.de\\\/en\\\/#website\",\"url\":\"https:\\\/\\\/ptc-parforce.de\\\/en\\\/\",\"name\":\"PTC \u2013 PARFORCE-Technology Cooperation GmbH\",\"description\":\"Phosphorr\u00fcckgewinnung aus Kl\u00e4rschlamm\",\"publisher\":{\"@id\":\"https:\\\/\\\/ptc-parforce.de\\\/en\\\/#organization\"},\"potentialAction\":[{\"@type\":\"SearchAction\",\"target\":{\"@type\":\"EntryPoint\",\"urlTemplate\":\"https:\\\/\\\/ptc-parforce.de\\\/en\\\/?s={search_term_string}\"},\"query-input\":{\"@type\":\"PropertyValueSpecification\",\"valueRequired\":true,\"valueName\":\"search_term_string\"}}],\"inLanguage\":\"en-US\"},{\"@type\":\"Organization\",\"@id\":\"https:\\\/\\\/ptc-parforce.de\\\/en\\\/#organization\",\"name\":\"PTC \u2013 PARFORCE-Technology Cooperation GmbH\",\"url\":\"https:\\\/\\\/ptc-parforce.de\\\/en\\\/\",\"logo\":{\"@type\":\"ImageObject\",\"inLanguage\":\"en-US\",\"@id\":\"https:\\\/\\\/ptc-parforce.de\\\/en\\\/#\\\/schema\\\/logo\\\/image\\\/\",\"url\":\"https:\\\/\\\/ptc-parforce.de\\\/wp-content\\\/uploads\\\/ptc-parforce-technology-cooperation-logo.svg\",\"contentUrl\":\"https:\\\/\\\/ptc-parforce.de\\\/wp-content\\\/uploads\\\/ptc-parforce-technology-cooperation-logo.svg\",\"width\":628,\"height\":261,\"caption\":\"PTC \u2013 PARFORCE-Technology Cooperation GmbH\"},\"image\":{\"@id\":\"https:\\\/\\\/ptc-parforce.de\\\/en\\\/#\\\/schema\\\/logo\\\/image\\\/\"}}]}<\/script>\n<!-- \/ Yoast SEO plugin. -->","yoast_head_json":{"title":"Legal Notice - PTC \u2013 PARFORCE-Technology Cooperation GmbH","robots":{"index":"noindex","follow":"follow"},"og_locale":"en_US","og_type":"article","og_title":"Legal Notice - PTC \u2013 PARFORCE-Technology Cooperation GmbH","og_description":"ANGABEN GEM\u00c4SS \u00a7 5 TM PTC &#8211; PARFORCE-Technology Cooperation GmbH Neckarstra\u00dfe 2345768 MarlDeutschland Handelsregister HRB 16264Registergericht: Amtsgericht Gelsenkirchen Vertreten durch:Dr.-Ing. Reinhard Lohmeier, Dipl.-Ing. J\u00fcrgen Waller Kontakt Tel. +49 2365 8726-0 info@ptc-parforce.de Umsatzsteuer-ID Umsatzsteuer-Identifikationsnummer gem\u00e4\u00df \u00a727 a Umsatzsteuergesetz: DE344112081 EU-Streitschlichtung Die Europ\u00e4ische Kommission stellt eine Plattform f\u00fcr die au\u00dfergerichtliche Online-Streitbeilegung (OS-Plattform) bereit, die unter https:\/\/ec.europa.eu\/consumers\/odr aufrufbar [&hellip;]","og_url":"https:\/\/ptc-parforce.de\/en\/legal-notice\/","og_site_name":"PTC \u2013 PARFORCE-Technology Cooperation GmbH","article_modified_time":"2022-06-29T11:35:55+00:00","og_image":[{"width":2560,"height":300,"url":"https:\/\/ptc-parforce.de\/wp-content\/uploads\/ptc-klaeranlage-phosphor-rueckgewinnung-bg-1-1.jpg","type":"image\/jpeg"}],"twitter_card":"summary_large_image","schema":{"@context":"https:\/\/schema.org","@graph":[{"@type":"WebPage","@id":"https:\/\/ptc-parforce.de\/en\/legal-notice\/","url":"https:\/\/ptc-parforce.de\/en\/legal-notice\/","name":"Legal Notice - PTC \u2013 PARFORCE-Technology Cooperation GmbH","isPartOf":{"@id":"https:\/\/ptc-parforce.de\/en\/#website"},"primaryImageOfPage":{"@id":"https:\/\/ptc-parforce.de\/en\/legal-notice\/#primaryimage"},"image":{"@id":"https:\/\/ptc-parforce.de\/en\/legal-notice\/#primaryimage"},"thumbnailUrl":"https:\/\/ptc-parforce.de\/wp-content\/uploads\/ptc-klaeranlage-phosphor-rueckgewinnung-bg-1-1.jpg","datePublished":"2021-05-28T08:56:42+00:00","dateModified":"2022-06-29T11:35:55+00:00","breadcrumb":{"@id":"https:\/\/ptc-parforce.de\/en\/legal-notice\/#breadcrumb"},"inLanguage":"en-US","potentialAction":[{"@type":"ReadAction","target":["https:\/\/ptc-parforce.de\/en\/legal-notice\/"]}]},{"@type":"ImageObject","inLanguage":"en-US","@id":"https:\/\/ptc-parforce.de\/en\/legal-notice\/#primaryimage","url":"https:\/\/ptc-parforce.de\/wp-content\/uploads\/ptc-klaeranlage-phosphor-rueckgewinnung-bg-1-1.jpg","contentUrl":"https:\/\/ptc-parforce.de\/wp-content\/uploads\/ptc-klaeranlage-phosphor-rueckgewinnung-bg-1-1.jpg","width":2560,"height":300},{"@type":"BreadcrumbList","@id":"https:\/\/ptc-parforce.de\/en\/legal-notice\/#breadcrumb","itemListElement":[{"@type":"ListItem","position":1,"name":"Startseite","item":"https:\/\/ptc-parforce.de\/en\/"},{"@type":"ListItem","position":2,"name":"Legal Notice"}]},{"@type":"WebSite","@id":"https:\/\/ptc-parforce.de\/en\/#website","url":"https:\/\/ptc-parforce.de\/en\/","name":"PTC \u2013 PARFORCE-Technology Cooperation GmbH","description":"Phosphorr\u00fcckgewinnung aus Kl\u00e4rschlamm","publisher":{"@id":"https:\/\/ptc-parforce.de\/en\/#organization"},"potentialAction":[{"@type":"SearchAction","target":{"@type":"EntryPoint","urlTemplate":"https:\/\/ptc-parforce.de\/en\/?s={search_term_string}"},"query-input":{"@type":"PropertyValueSpecification","valueRequired":true,"valueName":"search_term_string"}}],"inLanguage":"en-US"},{"@type":"Organization","@id":"https:\/\/ptc-parforce.de\/en\/#organization","name":"PTC \u2013 PARFORCE-Technology Cooperation GmbH","url":"https:\/\/ptc-parforce.de\/en\/","logo":{"@type":"ImageObject","inLanguage":"en-US","@id":"https:\/\/ptc-parforce.de\/en\/#\/schema\/logo\/image\/","url":"https:\/\/ptc-parforce.de\/wp-content\/uploads\/ptc-parforce-technology-cooperation-logo.svg","contentUrl":"https:\/\/ptc-parforce.de\/wp-content\/uploads\/ptc-parforce-technology-cooperation-logo.svg","width":628,"height":261,"caption":"PTC \u2013 PARFORCE-Technology Cooperation GmbH"},"image":{"@id":"https:\/\/ptc-parforce.de\/en\/#\/schema\/logo\/image\/"}}]}},"_links":{"self":[{"href":"https:\/\/ptc-parforce.de\/en\/wp-json\/wp\/v2\/pages\/3505","targetHints":{"allow":["GET"]}}],"collection":[{"href":"https:\/\/ptc-parforce.de\/en\/wp-json\/wp\/v2\/pages"}],"about":[{"href":"https:\/\/ptc-parforce.de\/en\/wp-json\/wp\/v2\/types\/page"}],"author":[{"embeddable":true,"href":"https:\/\/ptc-parforce.de\/en\/wp-json\/wp\/v2\/users\/1"}],"replies":[{"embeddable":true,"href":"https:\/\/ptc-parforce.de\/en\/wp-json\/wp\/v2\/comments?post=3505"}],"version-history":[{"count":4,"href":"https:\/\/ptc-parforce.de\/en\/wp-json\/wp\/v2\/pages\/3505\/revisions"}],"predecessor-version":[{"id":3669,"href":"https:\/\/ptc-parforce.de\/en\/wp-json\/wp\/v2\/pages\/3505\/revisions\/3669"}],"wp:featuredmedia":[{"embeddable":true,"href":"https:\/\/ptc-parforce.de\/en\/wp-json\/wp\/v2\/media\/2222"}],"wp:attachment":[{"href":"https:\/\/ptc-parforce.de\/en\/wp-json\/wp\/v2\/media?parent=3505"}],"curies":[{"name":"wp","href":"https:\/\/api.w.org\/{rel}","templated":true}]}}